{"id":3022,"date":"2025-03-20T09:47:22","date_gmt":"2025-03-20T08:47:22","guid":{"rendered":"https:\/\/yourooms.es\/?page_id=3022"},"modified":"2025-06-14T20:53:10","modified_gmt":"2025-06-14T18:53:10","slug":"aviso-legal","status":"publish","type":"page","link":"https:\/\/yourooms.es\/en\/aviso-legal\/","title":{"rendered":"Legal Notice"},"content":{"rendered":"<div data-elementor-type=\"wp-page\" data-elementor-id=\"3022\" class=\"elementor elementor-3022\" data-elementor-post-type=\"page\">\n\t\t\t\t<div class=\"has_eae_slider elementor-element elementor-element-72857b3 e-flex e-con-boxed e-con e-parent\" data-eae-slider=\"23269\" data-id=\"72857b3\" data-element_type=\"container\" data-e-type=\"container\">\n\t\t\t\t\t<div class=\"e-con-inner\">\n\t\t\t\t<div class=\"elementor-element elementor-element-770c366 elementor-widget elementor-widget-heading\" data-id=\"770c366\" data-element_type=\"widget\" data-e-type=\"widget\" data-widget_type=\"heading.default\">\n\t\t\t\t<div class=\"elementor-widget-container\">\n\t\t\t\t\t<h1 class=\"elementor-heading-title elementor-size-default\">Legal Notice<\/h1>\t\t\t\t<\/div>\n\t\t\t\t<\/div>\n\t\t\t\t<div class=\"elementor-element elementor-element-9cf1fc0 elementor-widget elementor-widget-heading\" data-id=\"9cf1fc0\" data-element_type=\"widget\" data-e-type=\"widget\" data-widget_type=\"heading.default\">\n\t\t\t\t<div class=\"elementor-widget-container\">\n\t\t\t\t\t<h2 class=\"elementor-heading-title elementor-size-default\">LAW ON INFORMATION SOCIETY SERVICES (LSSI)<\/h2>\t\t\t\t<\/div>\n\t\t\t\t<\/div>\n\t\t\t\t<div class=\"elementor-element elementor-element-065e194 elementor-widget elementor-widget-heading\" data-id=\"065e194\" data-element_type=\"widget\" data-e-type=\"widget\" data-widget_type=\"heading.default\">\n\t\t\t\t<div class=\"elementor-widget-container\">\n\t\t\t\t\t<h2 class=\"elementor-heading-title elementor-size-default\">PURPOSE OF THE WEBSITE<\/h2>\t\t\t\t<\/div>\n\t\t\t\t<\/div>\n\t\t\t\t<div class=\"elementor-element elementor-element-cb7e97d elementor-widget elementor-widget-text-editor\" data-id=\"cb7e97d\" data-element_type=\"widget\" data-e-type=\"widget\" data-widget_type=\"text-editor.default\">\n\t\t\t\t<div class=\"elementor-widget-container\">\n\t\t\t\t\t\t\t\t\t<p class=\"p1\">In compliance with Article 10 of Law 34\/2002, of July 11, 2002, on Information Society Services and Electronic Commerce (LSSI-CE), the identifying data of the owner of the website www.yourooms.es are set out below: <span class=\"s1\">www.yourooms.es<\/span>:<\/p><ul class=\"ul1\"><li class=\"li1\"><b>Company name:<\/b> YouRooms Spain Management S.L.<\/li><li class=\"li1\"><b>CIF: <\/b>B-21764766<\/li><li class=\"li1\"><b>Address: <\/b>Calle Alfonso XII n\u00ba15 21003 Huelva &#8211; Espa\u00f1a<\/li><li class=\"li1\"><b>E-mail:<\/b> hola@YouRooms.es<\/li><li class=\"li1\"><b>Contact telephone number:<\/b> +34 692 82 02 28<\/li><li class=\"li2\"><span class=\"s2\"><b>Web site:<\/b> https:\/\/<\/span><span class=\"s3\">www.YouRooms.es<\/span><\/li><\/ul>\t\t\t\t\t\t\t\t<\/div>\n\t\t\t\t<\/div>\n\t\t\t\t<div class=\"elementor-element elementor-element-28443ff elementor-widget elementor-widget-text-editor\" data-id=\"28443ff\" data-element_type=\"widget\" data-e-type=\"widget\" data-widget_type=\"text-editor.default\">\n\t\t\t\t<div class=\"elementor-widget-container\">\n\t\t\t\t\t\t\t\t\t<p class=\"p1\">The web site <span class=\"s1\">www.yourooms.es<\/span> aims to provide information about the services provided by YouRooms, specifically the intermediation and management in the rental of properties and rooms aimed primarily at university students, Erasmus students and young professionals.<\/p>\t\t\t\t\t\t\t\t<\/div>\n\t\t\t\t<\/div>\n\t\t\t\t<div class=\"elementor-element elementor-element-396e0e5 elementor-widget elementor-widget-heading\" data-id=\"396e0e5\" data-element_type=\"widget\" data-e-type=\"widget\" data-widget_type=\"heading.default\">\n\t\t\t\t<div class=\"elementor-widget-container\">\n\t\t\t\t\t<h2 class=\"elementor-heading-title elementor-size-default\">TERMS OF USE OF THE WEBSITE<\/h2>\t\t\t\t<\/div>\n\t\t\t\t<\/div>\n\t\t\t\t<div class=\"elementor-element elementor-element-3f79f7a elementor-widget elementor-widget-text-editor\" data-id=\"3f79f7a\" data-element_type=\"widget\" data-e-type=\"widget\" data-widget_type=\"text-editor.default\">\n\t\t\t\t<div class=\"elementor-widget-container\">\n\t\t\t\t\t\t\t\t\t<p class=\"p1\">The use of the website implies full and unreserved acceptance by the User of each and every one of the conditions included in this Legal Notice. The User agrees to use the website, its contents and services in accordance with the law, this Legal Notice, good customs and public order.<\/p><p class=\"p1\">The User shall be liable to YouRooms or to third parties for any damage or harm caused as a consequence of the breach of said obligation.<\/p><p class=\"p1\">YouRooms reserves the right to modify, update or delete any content, configuration or presentation of the website at any time without prior notice.<\/p>\t\t\t\t\t\t\t\t<\/div>\n\t\t\t\t<\/div>\n\t\t\t\t<div class=\"elementor-element elementor-element-db36031 elementor-widget elementor-widget-heading\" data-id=\"db36031\" data-element_type=\"widget\" data-e-type=\"widget\" data-widget_type=\"heading.default\">\n\t\t\t\t<div class=\"elementor-widget-container\">\n\t\t\t\t\t<h2 class=\"elementor-heading-title elementor-size-default\">INTELLECTUAL AND INDUSTRIAL PROPERTY<\/h2>\t\t\t\t<\/div>\n\t\t\t\t<\/div>\n\t\t\t\t<div class=\"elementor-element elementor-element-7128c16 elementor-widget elementor-widget-text-editor\" data-id=\"7128c16\" data-element_type=\"widget\" data-e-type=\"widget\" data-widget_type=\"text-editor.default\">\n\t\t\t\t<div class=\"elementor-widget-container\">\n\t\t\t\t\t\t\t\t\t<p class=\"p1\">All contents included in this website (text, graphics, images, logos, trademarks, software, source code, graphic design, structure, selection, arrangement and presentation) are the exclusive property of YouRooms or third parties who have authorized their use and are protected by Intellectual and Industrial Property laws.<\/p><p class=\"p1\">Any unauthorized use of the contents is expressly prohibited, unless expressly authorized in writing by YouRooms or its legitimate owners.<\/p>\t\t\t\t\t\t\t\t<\/div>\n\t\t\t\t<\/div>\n\t\t\t\t<div class=\"elementor-element elementor-element-f445b17 elementor-widget elementor-widget-heading\" data-id=\"f445b17\" data-element_type=\"widget\" data-e-type=\"widget\" data-widget_type=\"heading.default\">\n\t\t\t\t<div class=\"elementor-widget-container\">\n\t\t\t\t\t<h2 class=\"elementor-heading-title elementor-size-default\">RESPONSIBILITY<\/h2>\t\t\t\t<\/div>\n\t\t\t\t<\/div>\n\t\t\t\t<div class=\"elementor-element elementor-element-bbd5e4b elementor-widget elementor-widget-text-editor\" data-id=\"bbd5e4b\" data-element_type=\"widget\" data-e-type=\"widget\" data-widget_type=\"text-editor.default\">\n\t\t\t\t<div class=\"elementor-widget-container\">\n\t\t\t\t\t\t\t\t\t<p class=\"p1\">YouRooms does not guarantee the continuous availability or the correct viewing and downloading of the contents of the website, which may be interrupted or affected by causes beyond the company's control. Likewise, it is not responsible for any damages arising from the use of the website, nor for the contents of external links to other pages over which it has no control.<\/p>\t\t\t\t\t\t\t\t<\/div>\n\t\t\t\t<\/div>\n\t\t\t\t<div class=\"elementor-element elementor-element-82bc7cf elementor-widget elementor-widget-heading\" data-id=\"82bc7cf\" data-element_type=\"widget\" data-e-type=\"widget\" data-widget_type=\"heading.default\">\n\t\t\t\t<div class=\"elementor-widget-container\">\n\t\t\t\t\t<h2 class=\"elementor-heading-title elementor-size-default\">PROTECTION OF PERSONAL DATA<\/h2>\t\t\t\t<\/div>\n\t\t\t\t<\/div>\n\t\t\t\t<div class=\"elementor-element elementor-element-35e8b0f elementor-widget elementor-widget-text-editor\" data-id=\"35e8b0f\" data-element_type=\"widget\" data-e-type=\"widget\" data-widget_type=\"text-editor.default\">\n\t\t\t\t<div class=\"elementor-widget-container\">\n\t\t\t\t\t\t\t\t\t<p class=\"p1\">YouRooms complies with the General Data Protection Regulation (GDPR) and the Organic Law on the Protection of Personal Data and Guarantee of Digital Rights (LOPDGDD). For more information about the processing of personal data, please see our Privacy Policy.<\/p>\t\t\t\t\t\t\t\t<\/div>\n\t\t\t\t<\/div>\n\t\t\t\t<div class=\"elementor-element elementor-element-8331372 elementor-widget elementor-widget-heading\" data-id=\"8331372\" data-element_type=\"widget\" data-e-type=\"widget\" data-widget_type=\"heading.default\">\n\t\t\t\t<div class=\"elementor-widget-container\">\n\t\t\t\t\t<h2 class=\"elementor-heading-title elementor-size-default\">USE OF COOKIES<\/h2>\t\t\t\t<\/div>\n\t\t\t\t<\/div>\n\t\t\t\t<div class=\"elementor-element elementor-element-862e520 elementor-widget elementor-widget-text-editor\" data-id=\"862e520\" data-element_type=\"widget\" data-e-type=\"widget\" data-widget_type=\"text-editor.default\">\n\t\t\t\t<div class=\"elementor-widget-container\">\n\t\t\t\t\t\t\t\t\t<p class=\"p1\">This website uses its own and third party cookies to improve the user experience. You can learn more about the cookies used and how to manage them in our Cookies Policy.<\/p>\t\t\t\t\t\t\t\t<\/div>\n\t\t\t\t<\/div>\n\t\t\t\t<div class=\"elementor-element elementor-element-2b57cf9 elementor-widget elementor-widget-heading\" data-id=\"2b57cf9\" data-element_type=\"widget\" data-e-type=\"widget\" data-widget_type=\"heading.default\">\n\t\t\t\t<div class=\"elementor-widget-container\">\n\t\t\t\t\t<h2 class=\"elementor-heading-title elementor-size-default\">APPLICABLE LAW AND JURISDICTION<\/h2>\t\t\t\t<\/div>\n\t\t\t\t<\/div>\n\t\t\t\t<div class=\"elementor-element elementor-element-f5f558e elementor-widget elementor-widget-text-editor\" data-id=\"f5f558e\" data-element_type=\"widget\" data-e-type=\"widget\" data-widget_type=\"text-editor.default\">\n\t\t\t\t<div class=\"elementor-widget-container\">\n\t\t\t\t\t\t\t\t\t<p class=\"p1\">This Legal Notice is governed by the Spanish legislation in force. For the resolution of any dispute or claim arising from the use of the website or this Legal Notice, the parties agree to submit to the jurisdiction of the Courts and Tribunals of Huelva, expressly waiving any other jurisdiction that may correspond to them.<\/p>\t\t\t\t\t\t\t\t<\/div>\n\t\t\t\t<\/div>\n\t\t\t\t<div class=\"elementor-element elementor-element-de4e1bd elementor-widget elementor-widget-heading\" data-id=\"de4e1bd\" data-element_type=\"widget\" data-e-type=\"widget\" data-widget_type=\"heading.default\">\n\t\t\t\t<div class=\"elementor-widget-container\">\n\t\t\t\t\t<h2 class=\"elementor-heading-title elementor-size-default\">CONTACT<\/h2>\t\t\t\t<\/div>\n\t\t\t\t<\/div>\n\t\t\t\t<div class=\"elementor-element elementor-element-cf634f0 elementor-widget elementor-widget-text-editor\" data-id=\"cf634f0\" data-element_type=\"widget\" data-e-type=\"widget\" data-widget_type=\"text-editor.default\">\n\t\t\t\t<div class=\"elementor-widget-container\">\n\t\t\t\t\t\t\t\t\t<p class=\"p1\">Para cualquier duda, consulta o aclaraci\u00f3n relacionada con el presente Aviso Legal, puede dirigirse al correo electr\u00f3nico hola<span class=\"s1\">@yourooms.es<\/span>.<\/p>\t\t\t\t\t\t\t\t<\/div>\n\t\t\t\t<\/div>\n\t\t\t\t<div class=\"elementor-element elementor-element-653c815 elementor-widget elementor-widget-text-editor\" data-id=\"653c815\" data-element_type=\"widget\" data-e-type=\"widget\" data-widget_type=\"text-editor.default\">\n\t\t\t\t<div class=\"elementor-widget-container\">\n\t\t\t\t\t\t\t\t\t<p class=\"p1\"><b>Last update:<\/b> 7 de Junio de 2025.<\/p>\t\t\t\t\t\t\t\t<\/div>\n\t\t\t\t<\/div>\n\t\t\t\t\t<\/div>\n\t\t\t\t<\/div>\n\t\t\t\t<\/div>","protected":false},"excerpt":{"rendered":"<p>Aviso Legal LEY DE LOS SERVICIOS DE LA SOCIEDAD DE LA INFORMACI\u00d3N (LSSI) OBJETO DEL SITIO WEB En cumplimiento con el art\u00edculo 10 de la Ley 34\/2002, de 11 de julio, de Servicios de la Sociedad de la Informaci\u00f3n y del Comercio Electr\u00f3nico (LSSI-CE), se exponen a continuaci\u00f3n los datos identificativos del titular del sitio [&hellip;]<\/p>\n","protected":false},"author":3,"featured_media":0,"parent":0,"menu_order":0,"comment_status":"closed","ping_status":"closed","template":"elementor_header_footer","meta":{"footnotes":""},"class_list":["post-3022","page","type-page","status-publish","hentry"],"_links":{"self":[{"href":"https:\/\/yourooms.es\/en\/wp-json\/wp\/v2\/pages\/3022","targetHints":{"allow":["GET"]}}],"collection":[{"href":"https:\/\/yourooms.es\/en\/wp-json\/wp\/v2\/pages"}],"about":[{"href":"https:\/\/yourooms.es\/en\/wp-json\/wp\/v2\/types\/page"}],"author":[{"embeddable":true,"href":"https:\/\/yourooms.es\/en\/wp-json\/wp\/v2\/users\/3"}],"replies":[{"embeddable":true,"href":"https:\/\/yourooms.es\/en\/wp-json\/wp\/v2\/comments?post=3022"}],"version-history":[{"count":22,"href":"https:\/\/yourooms.es\/en\/wp-json\/wp\/v2\/pages\/3022\/revisions"}],"predecessor-version":[{"id":5013,"href":"https:\/\/yourooms.es\/en\/wp-json\/wp\/v2\/pages\/3022\/revisions\/5013"}],"wp:attachment":[{"href":"https:\/\/yourooms.es\/en\/wp-json\/wp\/v2\/media?parent=3022"}],"curies":[{"name":"wp","href":"https:\/\/api.w.org\/{rel}","templated":true}]}}