{"id":3066,"date":"2025-03-20T10:28:31","date_gmt":"2025-03-20T09:28:31","guid":{"rendered":"https:\/\/yourooms.es\/?page_id=3066"},"modified":"2025-06-18T03:21:19","modified_gmt":"2025-06-18T01:21:19","slug":"politica-de-privacidad","status":"publish","type":"page","link":"https:\/\/yourooms.es\/en\/politica-de-privacidad\/","title":{"rendered":"Privacy Policy"},"content":{"rendered":"<div data-elementor-type=\"wp-page\" data-elementor-id=\"3066\" class=\"elementor elementor-3066\" data-elementor-post-type=\"page\">\n\t\t\t\t<div class=\"has_eae_slider elementor-element elementor-element-66151ba e-flex e-con-boxed e-con e-parent\" data-eae-slider=\"61762\" data-id=\"66151ba\" data-element_type=\"container\" data-e-type=\"container\">\n\t\t\t\t\t<div class=\"e-con-inner\">\n\t\t\t\t<div class=\"elementor-element elementor-element-89ab99c elementor-widget elementor-widget-heading\" data-id=\"89ab99c\" data-element_type=\"widget\" data-e-type=\"widget\" data-widget_type=\"heading.default\">\n\t\t\t\t<div class=\"elementor-widget-container\">\n\t\t\t\t\t<h1 class=\"elementor-heading-title elementor-size-default\">Privacy Policy <\/h1>\t\t\t\t<\/div>\n\t\t\t\t<\/div>\n\t\t\t\t<div class=\"elementor-element elementor-element-bf54e88 elementor-widget elementor-widget-heading\" data-id=\"bf54e88\" data-element_type=\"widget\" data-e-type=\"widget\" data-widget_type=\"heading.default\">\n\t\t\t\t<div class=\"elementor-widget-container\">\n\t\t\t\t\t<h2 class=\"elementor-heading-title elementor-size-default\">1. General Information<\/h2>\t\t\t\t<\/div>\n\t\t\t\t<\/div>\n\t\t\t\t<div class=\"elementor-element elementor-element-615a488 elementor-widget elementor-widget-text-editor\" data-id=\"615a488\" data-element_type=\"widget\" data-e-type=\"widget\" data-widget_type=\"text-editor.default\">\n\t\t\t\t<div class=\"elementor-widget-container\">\n\t\t\t\t\t\t\t\t\t<p class=\"p1\">In YouRooms.es we are committed to the privacy of our users, strictly complying with the Regulation (EU) 2016\/679 (RGPD) and the Organic Law 3\/2018 on Personal Data Protection and Guarantee of Digital Rights (LOPDGDD).<\/p>\t\t\t\t\t\t\t\t<\/div>\n\t\t\t\t<\/div>\n\t\t\t\t<div class=\"elementor-element elementor-element-4d45c37 elementor-widget elementor-widget-heading\" data-id=\"4d45c37\" data-element_type=\"widget\" data-e-type=\"widget\" data-widget_type=\"heading.default\">\n\t\t\t\t<div class=\"elementor-widget-container\">\n\t\t\t\t\t<h2 class=\"elementor-heading-title elementor-size-default\">2. Data Controller<\/h2>\t\t\t\t<\/div>\n\t\t\t\t<\/div>\n\t\t\t\t<div class=\"elementor-element elementor-element-79dbfdd elementor-widget elementor-widget-text-editor\" data-id=\"79dbfdd\" data-element_type=\"widget\" data-e-type=\"widget\" data-widget_type=\"text-editor.default\">\n\t\t\t\t<div class=\"elementor-widget-container\">\n\t\t\t\t\t\t\t\t\t<ul class=\"ul1\"><li class=\"li1\"><b>Company name:<\/b> YouRooms Spain Management S.L.<\/li><li class=\"li1\"><b>CIF: <\/b>B-21764766<\/li><li class=\"li1\"><b>Address: <\/b>Calle Alfonso XII n\u00ba15 21003 Huelva &#8211; Espa\u00f1a<\/li><li class=\"li1\"><b>E-mail:<\/b> hola@YouRooms.es<\/li><li class=\"li1\"><b>Contact telephone number:<\/b> +34 692 82 02 28<\/li><li class=\"li2\"><span class=\"s2\"><b>Web site:<\/b> https:\/\/<\/span><span class=\"s3\">www.YouRooms.es<\/span><\/li><\/ul>\t\t\t\t\t\t\t\t<\/div>\n\t\t\t\t<\/div>\n\t\t\t\t<div class=\"elementor-element elementor-element-e3fde52 elementor-widget elementor-widget-heading\" data-id=\"e3fde52\" data-element_type=\"widget\" data-e-type=\"widget\" data-widget_type=\"heading.default\">\n\t\t\t\t<div class=\"elementor-widget-container\">\n\t\t\t\t\t<h2 class=\"elementor-heading-title elementor-size-default\">3. Data Collected and Purpose<\/h2>\t\t\t\t<\/div>\n\t\t\t\t<\/div>\n\t\t\t\t<div class=\"elementor-element elementor-element-7186c0e elementor-widget elementor-widget-text-editor\" data-id=\"7186c0e\" data-element_type=\"widget\" data-e-type=\"widget\" data-widget_type=\"text-editor.default\">\n\t\t\t\t<div class=\"elementor-widget-container\">\n\t\t\t\t\t\t\t\t\t<p class=\"p1\">The data we collect is essential for:<\/p><ul><li>Manage your reservations and contracts.<\/li><li>To attend your inquiries.<\/li><li>Send commercial communications if you consent.<\/li><li>Comply with legal and tax obligations.<\/li><\/ul><p class=\"p1\">Specific data requested:<\/p><ul class=\"ul1\"><li class=\"li1\">Full name<\/li><li class=\"li1\">E-mail<\/li><li class=\"li1\">Telephone number<\/li><li class=\"li1\">Billing data<\/li><li class=\"li1\">Mailing address<\/li><\/ul>\t\t\t\t\t\t\t\t<\/div>\n\t\t\t\t<\/div>\n\t\t\t\t<div class=\"elementor-element elementor-element-458cf5a elementor-widget elementor-widget-heading\" data-id=\"458cf5a\" data-element_type=\"widget\" data-e-type=\"widget\" data-widget_type=\"heading.default\">\n\t\t\t\t<div class=\"elementor-widget-container\">\n\t\t\t\t\t<h2 class=\"elementor-heading-title elementor-size-default\">4. Legal Basis for Processing<\/h2>\t\t\t\t<\/div>\n\t\t\t\t<\/div>\n\t\t\t\t<div class=\"elementor-element elementor-element-49c862e elementor-widget elementor-widget-text-editor\" data-id=\"49c862e\" data-element_type=\"widget\" data-e-type=\"widget\" data-widget_type=\"text-editor.default\">\n\t\t\t\t<div class=\"elementor-widget-container\">\n\t\t\t\t\t\t\t\t\t<p class=\"p1\">Your data is treated under:<\/p><ul class=\"ul1\"><li class=\"li1\">Execution of contracts.<\/li><li class=\"li1\">Compliance with legal obligations.<\/li><li class=\"li1\">Explicit consent for commercial communications.<\/li><\/ul>\t\t\t\t\t\t\t\t<\/div>\n\t\t\t\t<\/div>\n\t\t\t\t<div class=\"elementor-element elementor-element-693d10f elementor-widget elementor-widget-heading\" data-id=\"693d10f\" data-element_type=\"widget\" data-e-type=\"widget\" data-widget_type=\"heading.default\">\n\t\t\t\t<div class=\"elementor-widget-container\">\n\t\t\t\t\t<h2 class=\"elementor-heading-title elementor-size-default\">5. Data Communication<\/h2>\t\t\t\t<\/div>\n\t\t\t\t<\/div>\n\t\t\t\t<div class=\"elementor-element elementor-element-5cba9d7 elementor-widget elementor-widget-text-editor\" data-id=\"5cba9d7\" data-element_type=\"widget\" data-e-type=\"widget\" data-widget_type=\"text-editor.default\">\n\t\t\t\t<div class=\"elementor-widget-container\">\n\t\t\t\t\t\t\t\t\t<p class=\"p1\">We do not share your data with third parties except by legal obligation or to strictly comply with the contracted services (e.g. payment platforms)<\/p>\t\t\t\t\t\t\t\t<\/div>\n\t\t\t\t<\/div>\n\t\t\t\t<div class=\"elementor-element elementor-element-29dea50 elementor-widget elementor-widget-heading\" data-id=\"29dea50\" data-element_type=\"widget\" data-e-type=\"widget\" data-widget_type=\"heading.default\">\n\t\t\t\t<div class=\"elementor-widget-container\">\n\t\t\t\t\t<h2 class=\"elementor-heading-title elementor-size-default\">6. Your Rights<\/h2>\t\t\t\t<\/div>\n\t\t\t\t<\/div>\n\t\t\t\t<div class=\"elementor-element elementor-element-2020a44 elementor-widget elementor-widget-text-editor\" data-id=\"2020a44\" data-element_type=\"widget\" data-e-type=\"widget\" data-widget_type=\"text-editor.default\">\n\t\t\t\t<div class=\"elementor-widget-container\">\n\t\t\t\t\t\t\t\t\t<p class=\"p1\">You may at any time exercise your rights to:<\/p><ul class=\"ul1\"><li class=\"li1\">Access, rectification or suppression.<\/li><li class=\"li1\">Limitation or opposition.<\/li><li class=\"li1\">Portability.<\/li><li class=\"li1\">Withdrawal of consent.<\/li><\/ul><p class=\"p1\">To exercise these rights, contact: hola@yourooms.es<\/p>\t\t\t\t\t\t\t\t<\/div>\n\t\t\t\t<\/div>\n\t\t\t\t<div class=\"elementor-element elementor-element-855a3cf elementor-widget elementor-widget-heading\" data-id=\"855a3cf\" data-element_type=\"widget\" data-e-type=\"widget\" data-widget_type=\"heading.default\">\n\t\t\t\t<div class=\"elementor-widget-container\">\n\t\t\t\t\t<h2 class=\"elementor-heading-title elementor-size-default\">7. Safety and Conservation<\/h2>\t\t\t\t<\/div>\n\t\t\t\t<\/div>\n\t\t\t\t<div class=\"elementor-element elementor-element-c4a0a57 elementor-widget elementor-widget-text-editor\" data-id=\"c4a0a57\" data-element_type=\"widget\" data-e-type=\"widget\" data-widget_type=\"text-editor.default\">\n\t\t\t\t<div class=\"elementor-widget-container\">\n\t\t\t\t\t\t\t\t\t<p class=\"p1\">We implement robust security measures to protect your data and retain it only as long as it is necessary for the purposes described above or until you request its deletion.<\/p>\t\t\t\t\t\t\t\t<\/div>\n\t\t\t\t<\/div>\n\t\t\t\t<div class=\"elementor-element elementor-element-385b6fb elementor-widget elementor-widget-heading\" data-id=\"385b6fb\" data-element_type=\"widget\" data-e-type=\"widget\" data-widget_type=\"heading.default\">\n\t\t\t\t<div class=\"elementor-widget-container\">\n\t\t\t\t\t<h2 class=\"elementor-heading-title elementor-size-default\">8. Cookies and Similar Technologies<\/h2>\t\t\t\t<\/div>\n\t\t\t\t<\/div>\n\t\t\t\t<div class=\"elementor-element elementor-element-39e1d23 elementor-widget elementor-widget-text-editor\" data-id=\"39e1d23\" data-element_type=\"widget\" data-e-type=\"widget\" data-widget_type=\"text-editor.default\">\n\t\t\t\t<div class=\"elementor-widget-container\">\n\t\t\t\t\t\t\t\t\t<p class=\"p1\">Our website uses technical and analytical cookies. You can configure or reject cookies at any time from your browser or from our Cookies Policy.<\/p>\t\t\t\t\t\t\t\t<\/div>\n\t\t\t\t<\/div>\n\t\t\t\t<div class=\"elementor-element elementor-element-5e46914 elementor-widget elementor-widget-heading\" data-id=\"5e46914\" data-element_type=\"widget\" data-e-type=\"widget\" data-widget_type=\"heading.default\">\n\t\t\t\t<div class=\"elementor-widget-container\">\n\t\t\t\t\t<h2 class=\"elementor-heading-title elementor-size-default\">9. Modifications to this Policy<\/h2>\t\t\t\t<\/div>\n\t\t\t\t<\/div>\n\t\t\t\t<div class=\"elementor-element elementor-element-06f17ea elementor-widget elementor-widget-text-editor\" data-id=\"06f17ea\" data-element_type=\"widget\" data-e-type=\"widget\" data-widget_type=\"text-editor.default\">\n\t\t\t\t<div class=\"elementor-widget-container\">\n\t\t\t\t\t\t\t\t\t<p class=\"p1\">We reserve the right to update this policy according to legal changes or changes in our services. We recommend that you review it periodically.<\/p>\t\t\t\t\t\t\t\t<\/div>\n\t\t\t\t<\/div>\n\t\t\t\t<div class=\"elementor-element elementor-element-3819417 elementor-widget elementor-widget-heading\" data-id=\"3819417\" data-element_type=\"widget\" data-e-type=\"widget\" data-widget_type=\"heading.default\">\n\t\t\t\t<div class=\"elementor-widget-container\">\n\t\t\t\t\t<h2 class=\"elementor-heading-title elementor-size-default\">10. Tratamiento de im\u00e1genes por videovigilancia<\/h2>\t\t\t\t<\/div>\n\t\t\t\t<\/div>\n\t\t\t\t<div class=\"elementor-element elementor-element-7e2d626 elementor-widget elementor-widget-text-editor\" data-id=\"7e2d626\" data-element_type=\"widget\" data-e-type=\"widget\" data-widget_type=\"text-editor.default\">\n\t\t\t\t<div class=\"elementor-widget-container\">\n\t\t\t\t\t\t\t\t\t<p class=\"p1\">YouRooms Spain S.L. informa que, por motivos de seguridad, algunas de nuestras instalaciones est\u00e1n dotadas de sistemas de videovigilancia. Las im\u00e1genes captadas ser\u00e1n tratadas conforme a la normativa vigente (Reglamento UE 2016\/679 y LOPDGDD 3\/2018), con las siguientes finalidades:<br \/>\u2022 Finalidad: Garantizar la seguridad de personas, bienes e instalaciones.<br \/>\u2022 Legitimaci\u00f3n: Inter\u00e9s leg\u00edtimo del responsable del tratamiento.<br \/>\u2022 Conservaci\u00f3n: Las im\u00e1genes ser\u00e1n conservadas por un plazo m\u00e1ximo de 30 d\u00edas, salvo que se produzca un incidente que requiera su conservaci\u00f3n para fines judiciales.<br \/>\u2022 Cesi\u00f3n de datos: No se comunicar\u00e1n a terceros salvo por obligaci\u00f3n legal o requerimiento de Fuerzas y Cuerpos de Seguridad.<br \/>\u2022 Ejercicio de derechos: Puedes ejercer tus derechos en materia de protecci\u00f3n de datos enviando un correo a hola@yourooms.es, indicando \u00abVideovigilancia\u00bb en el asunto.<\/p>\t\t\t\t\t\t\t\t<\/div>\n\t\t\t\t<\/div>\n\t\t\t\t<div class=\"elementor-element elementor-element-b8fa222 elementor-widget elementor-widget-heading\" data-id=\"b8fa222\" data-element_type=\"widget\" data-e-type=\"widget\" data-widget_type=\"heading.default\">\n\t\t\t\t<div class=\"elementor-widget-container\">\n\t\t\t\t\t<h2 class=\"elementor-heading-title elementor-size-default\">Contact:<\/h2>\t\t\t\t<\/div>\n\t\t\t\t<\/div>\n\t\t\t\t<div class=\"elementor-element elementor-element-b3acc0c elementor-widget elementor-widget-text-editor\" data-id=\"b3acc0c\" data-element_type=\"widget\" data-e-type=\"widget\" data-widget_type=\"text-editor.default\">\n\t\t\t\t<div class=\"elementor-widget-container\">\n\t\t\t\t\t\t\t\t\t<p class=\"p1\">If you have any questions about this policy or your personal data, please write to us at: hola@yourooms.es<\/p>\t\t\t\t\t\t\t\t<\/div>\n\t\t\t\t<\/div>\n\t\t\t\t<div class=\"elementor-element elementor-element-066eb67 elementor-widget elementor-widget-text-editor\" data-id=\"066eb67\" data-element_type=\"widget\" data-e-type=\"widget\" data-widget_type=\"text-editor.default\">\n\t\t\t\t<div class=\"elementor-widget-container\">\n\t\t\t\t\t\t\t\t\t<p class=\"p1\"><b>Last update:<\/b> 7 de Junio de 2025.<\/p>\t\t\t\t\t\t\t\t<\/div>\n\t\t\t\t<\/div>\n\t\t\t\t\t<\/div>\n\t\t\t\t<\/div>\n\t\t\t\t<\/div>","protected":false},"excerpt":{"rendered":"<p>Pol\u00edtica de Privacidad 1. Informaci\u00f3n General En YouRooms.es nos comprometemos con la privacidad de nuestros usuarios, cumpliendo estrictamente con el Reglamento (UE) 2016\/679 (RGPD) y la Ley Org\u00e1nica 3\/2018 de Protecci\u00f3n de Datos Personales y Garant\u00eda de Derechos Digitales (LOPDGDD). 2. Responsable del Tratamiento Denominaci\u00f3n social: YouRooms Spain Management S.L. CIF: B-21764766 Domicilio: Calle Alfonso [&hellip;]<\/p>\n","protected":false},"author":3,"featured_media":0,"parent":0,"menu_order":0,"comment_status":"closed","ping_status":"closed","template":"elementor_header_footer","meta":{"footnotes":""},"class_list":["post-3066","page","type-page","status-publish","hentry"],"_links":{"self":[{"href":"https:\/\/yourooms.es\/en\/wp-json\/wp\/v2\/pages\/3066","targetHints":{"allow":["GET"]}}],"collection":[{"href":"https:\/\/yourooms.es\/en\/wp-json\/wp\/v2\/pages"}],"about":[{"href":"https:\/\/yourooms.es\/en\/wp-json\/wp\/v2\/types\/page"}],"author":[{"embeddable":true,"href":"https:\/\/yourooms.es\/en\/wp-json\/wp\/v2\/users\/3"}],"replies":[{"embeddable":true,"href":"https:\/\/yourooms.es\/en\/wp-json\/wp\/v2\/comments?post=3066"}],"version-history":[{"count":20,"href":"https:\/\/yourooms.es\/en\/wp-json\/wp\/v2\/pages\/3066\/revisions"}],"predecessor-version":[{"id":5406,"href":"https:\/\/yourooms.es\/en\/wp-json\/wp\/v2\/pages\/3066\/revisions\/5406"}],"wp:attachment":[{"href":"https:\/\/yourooms.es\/en\/wp-json\/wp\/v2\/media?parent=3066"}],"curies":[{"name":"wp","href":"https:\/\/api.w.org\/{rel}","templated":true}]}}